{"id":57,"date":"2017-10-05T12:53:12","date_gmt":"2017-10-05T16:53:12","guid":{"rendered":"https:\/\/friendsbingo.ca\/?page_id=57"},"modified":"2025-09-14T10:41:14","modified_gmt":"2025-09-14T14:41:14","slug":"eventments-promotions","status":"publish","type":"page","link":"https:\/\/friendsbingo.ca\/fr\/home-page-fr\/eventments-promotions\/","title":{"rendered":"\u00c9v\u00e9nements et Promotions"},"content":{"rendered":"<h1>\u00c9v\u00e9nements et Promotions<\/h1>\n<h2>Programme de fid\u00e9lit\u00e9 pour nos clients<\/h2>\n<p>&#8211; Le programme de r\u00e9compenses \u00e0 Friends\u2019 Bingo Hall est absolument gratuit! Veuillez-vous adresser au g\u00e9rant de la session ou \u00e0 un membre de la charit\u00e9 lors de votre prochaine visite pour vous inscrire au programme et commencer \u00e0 amasser vos points.<\/p>\n<p>&#8211; \u00c0 chaque session jou\u00e9e, vous devez glisser votre carte \u00e0 notre poste d\u2019ordinateur et ainsi amasser automatiquement des points qui peuvent \u00eatre utilis\u00e9s pour des r\u00e9compenses plaisantes.<\/p>\n<ul>\n<li>1 point pour chaque session, qui est l\u2019\u00e9quivalent de 0,40 $<\/li>\n<li>10,00$ pour votre f\u00eate &#8211;\u00a0 gratuit (le jour m\u00eame)<\/li>\n<li>Certificat-cadeau de 20 $ = 50 points<\/li>\n<li>B\u00e2ton encreur = 10 points<\/li>\n<\/ul>\n<p>&#8211; Au cours de chaque session journali\u00e8re, le g\u00e9rant pige au hasard 5 noms de notre syst\u00e8me informatique pour les entrer par la suite dans le tirage mensuel. \u00a0Les noms sont alors d\u00e9pos\u00e9s dans une bo\u00eete selon l\u2019heure de la session.\u00a0 Le dernier vendredi du mois, nous proc\u00e9dons au tirage au sort d\u2019un nom parmi tous ceux annonc\u00e9s selon l\u2019heure de la session.<br \/>\n.<\/p>\n<p>&#8211; Veuillez noter que vous devez \u00eatre pr\u00e9sent dans la salle pour la session lorsque vous glissez votre carte pour accumuler des points et faire partie du tirage mensuel. \u00a0Toute personne qui est attrap\u00e9e \u00e0 glisser une carte pour un client qui n\u2019est pas pr\u00e9sent, va perdre tous les privil\u00e8ges de notre programme de fid\u00e9lit\u00e9 ainsi que le d\u00e9tenteur de la carte.<\/p>\n<p>&nbsp;<\/p>\n","protected":false},"excerpt":{"rendered":"<p>\u00c9v\u00e9nements et Promotions Programme de fid\u00e9lit\u00e9 pour nos clients &#8211; Le programme de r\u00e9compenses \u00e0 Friends\u2019 Bingo Hall est absolument gratuit! Veuillez-vous adresser au g\u00e9rant de la session ou \u00e0 un membre de la charit\u00e9 lors de votre prochaine visite pour vous inscrire au programme et commencer \u00e0 amasser vos points. &#8211; \u00c0 chaque session [&hellip;]<\/p>\n","protected":false},"author":13,"featured_media":0,"parent":59529,"menu_order":1,"comment_status":"closed","ping_status":"closed","template":"page-templates\/standard.php","meta":{"footnotes":""},"class_list":["post-57","page","type-page","status-publish","hentry"],"acf":[],"yoast_head":"<!-- This site is optimized with the Yoast SEO plugin v26.9 - https:\/\/yoast.com\/product\/yoast-seo-wordpress\/ -->\n<title>\u00c9v\u00e9nements et Promotions - Friends&#039; Bingo<\/title>\n<meta name=\"robots\" content=\"index, follow, max-snippet:-1, max-image-preview:large, max-video-preview:-1\" \/>\n<link rel=\"canonical\" href=\"https:\/\/friendsbingo.ca\/fr\/home-page-fr\/eventments-promotions\/\" \/>\n<meta property=\"og:locale\" content=\"fr_FR\" \/>\n<meta property=\"og:type\" content=\"article\" \/>\n<meta property=\"og:title\" content=\"\u00c9v\u00e9nements et Promotions - Friends&#039; Bingo\" \/>\n<meta property=\"og:description\" content=\"\u00c9v\u00e9nements et Promotions Programme de fid\u00e9lit\u00e9 pour nos clients &#8211; Le programme de r\u00e9compenses \u00e0 Friends\u2019 Bingo Hall est absolument gratuit! Veuillez-vous adresser au g\u00e9rant de la session ou \u00e0 un membre de la charit\u00e9 lors de votre prochaine visite pour vous inscrire au programme et commencer \u00e0 amasser vos points. &#8211; \u00c0 chaque session [&hellip;]\" \/>\n<meta property=\"og:url\" content=\"https:\/\/friendsbingo.ca\/fr\/home-page-fr\/eventments-promotions\/\" \/>\n<meta property=\"og:site_name\" content=\"Friends&#039; Bingo\" \/>\n<meta property=\"article:publisher\" content=\"https:\/\/www.facebook.com\/FriendsBingoHall\/\" \/>\n<meta property=\"article:modified_time\" content=\"2025-09-14T14:41:14+00:00\" \/>\n<meta name=\"twitter:card\" content=\"summary_large_image\" \/>\n<meta name=\"twitter:label1\" content=\"Dur\u00e9e de lecture estim\u00e9e\" \/>\n\t<meta name=\"twitter:data1\" content=\"2 minutes\" \/>\n<script type=\"application\/ld+json\" class=\"yoast-schema-graph\">{\"@context\":\"https:\/\/schema.org\",\"@graph\":[{\"@type\":\"WebPage\",\"@id\":\"https:\/\/friendsbingo.ca\/fr\/home-page-fr\/eventments-promotions\/\",\"url\":\"https:\/\/friendsbingo.ca\/fr\/home-page-fr\/eventments-promotions\/\",\"name\":\"\u00c9v\u00e9nements et Promotions - Friends&#039; Bingo\",\"isPartOf\":{\"@id\":\"https:\/\/friendsbingo.ca\/en\/#website\"},\"datePublished\":\"2017-10-05T16:53:12+00:00\",\"dateModified\":\"2025-09-14T14:41:14+00:00\",\"breadcrumb\":{\"@id\":\"https:\/\/friendsbingo.ca\/fr\/home-page-fr\/eventments-promotions\/#breadcrumb\"},\"inLanguage\":\"fr-FR\",\"potentialAction\":[{\"@type\":\"ReadAction\",\"target\":[\"https:\/\/friendsbingo.ca\/fr\/home-page-fr\/eventments-promotions\/\"]}]},{\"@type\":\"BreadcrumbList\",\"@id\":\"https:\/\/friendsbingo.ca\/fr\/home-page-fr\/eventments-promotions\/#breadcrumb\",\"itemListElement\":[{\"@type\":\"ListItem\",\"position\":1,\"name\":\"Home\",\"item\":\"https:\/\/friendsbingo.ca\/fr\/\"},{\"@type\":\"ListItem\",\"position\":2,\"name\":\"Home Page FR\",\"item\":\"https:\/\/friendsbingo.ca\/fr\/\"},{\"@type\":\"ListItem\",\"position\":3,\"name\":\"\u00c9v\u00e9nements et Promotions\"}]},{\"@type\":\"WebSite\",\"@id\":\"https:\/\/friendsbingo.ca\/en\/#website\",\"url\":\"https:\/\/friendsbingo.ca\/en\/\",\"name\":\"Friends&#039; Bingo\",\"description\":\"Just another WordPress site\",\"potentialAction\":[{\"@type\":\"SearchAction\",\"target\":{\"@type\":\"EntryPoint\",\"urlTemplate\":\"https:\/\/friendsbingo.ca\/en\/?s={search_term_string}\"},\"query-input\":{\"@type\":\"PropertyValueSpecification\",\"valueRequired\":true,\"valueName\":\"search_term_string\"}}],\"inLanguage\":\"fr-FR\"}]}<\/script>\n<!-- \/ Yoast SEO plugin. -->","yoast_head_json":{"title":"\u00c9v\u00e9nements et Promotions - Friends&#039; Bingo","robots":{"index":"index","follow":"follow","max-snippet":"max-snippet:-1","max-image-preview":"max-image-preview:large","max-video-preview":"max-video-preview:-1"},"canonical":"https:\/\/friendsbingo.ca\/fr\/home-page-fr\/eventments-promotions\/","og_locale":"fr_FR","og_type":"article","og_title":"\u00c9v\u00e9nements et Promotions - Friends&#039; Bingo","og_description":"\u00c9v\u00e9nements et Promotions Programme de fid\u00e9lit\u00e9 pour nos clients &#8211; Le programme de r\u00e9compenses \u00e0 Friends\u2019 Bingo Hall est absolument gratuit! Veuillez-vous adresser au g\u00e9rant de la session ou \u00e0 un membre de la charit\u00e9 lors de votre prochaine visite pour vous inscrire au programme et commencer \u00e0 amasser vos points. &#8211; \u00c0 chaque session [&hellip;]","og_url":"https:\/\/friendsbingo.ca\/fr\/home-page-fr\/eventments-promotions\/","og_site_name":"Friends&#039; Bingo","article_publisher":"https:\/\/www.facebook.com\/FriendsBingoHall\/","article_modified_time":"2025-09-14T14:41:14+00:00","twitter_card":"summary_large_image","twitter_misc":{"Dur\u00e9e de lecture estim\u00e9e":"2 minutes"},"schema":{"@context":"https:\/\/schema.org","@graph":[{"@type":"WebPage","@id":"https:\/\/friendsbingo.ca\/fr\/home-page-fr\/eventments-promotions\/","url":"https:\/\/friendsbingo.ca\/fr\/home-page-fr\/eventments-promotions\/","name":"\u00c9v\u00e9nements et Promotions - Friends&#039; Bingo","isPartOf":{"@id":"https:\/\/friendsbingo.ca\/en\/#website"},"datePublished":"2017-10-05T16:53:12+00:00","dateModified":"2025-09-14T14:41:14+00:00","breadcrumb":{"@id":"https:\/\/friendsbingo.ca\/fr\/home-page-fr\/eventments-promotions\/#breadcrumb"},"inLanguage":"fr-FR","potentialAction":[{"@type":"ReadAction","target":["https:\/\/friendsbingo.ca\/fr\/home-page-fr\/eventments-promotions\/"]}]},{"@type":"BreadcrumbList","@id":"https:\/\/friendsbingo.ca\/fr\/home-page-fr\/eventments-promotions\/#breadcrumb","itemListElement":[{"@type":"ListItem","position":1,"name":"Home","item":"https:\/\/friendsbingo.ca\/fr\/"},{"@type":"ListItem","position":2,"name":"Home Page FR","item":"https:\/\/friendsbingo.ca\/fr\/"},{"@type":"ListItem","position":3,"name":"\u00c9v\u00e9nements et Promotions"}]},{"@type":"WebSite","@id":"https:\/\/friendsbingo.ca\/en\/#website","url":"https:\/\/friendsbingo.ca\/en\/","name":"Friends&#039; Bingo","description":"Just another WordPress site","potentialAction":[{"@type":"SearchAction","target":{"@type":"EntryPoint","urlTemplate":"https:\/\/friendsbingo.ca\/en\/?s={search_term_string}"},"query-input":{"@type":"PropertyValueSpecification","valueRequired":true,"valueName":"search_term_string"}}],"inLanguage":"fr-FR"}]}},"_links":{"self":[{"href":"https:\/\/friendsbingo.ca\/fr\/wp-json\/wp\/v2\/pages\/57","targetHints":{"allow":["GET"]}}],"collection":[{"href":"https:\/\/friendsbingo.ca\/fr\/wp-json\/wp\/v2\/pages"}],"about":[{"href":"https:\/\/friendsbingo.ca\/fr\/wp-json\/wp\/v2\/types\/page"}],"author":[{"embeddable":true,"href":"https:\/\/friendsbingo.ca\/fr\/wp-json\/wp\/v2\/users\/13"}],"replies":[{"embeddable":true,"href":"https:\/\/friendsbingo.ca\/fr\/wp-json\/wp\/v2\/comments?post=57"}],"version-history":[{"count":0,"href":"https:\/\/friendsbingo.ca\/fr\/wp-json\/wp\/v2\/pages\/57\/revisions"}],"up":[{"embeddable":true,"href":"https:\/\/friendsbingo.ca\/fr\/wp-json\/wp\/v2\/pages\/59529"}],"wp:attachment":[{"href":"https:\/\/friendsbingo.ca\/fr\/wp-json\/wp\/v2\/media?parent=57"}],"curies":[{"name":"wp","href":"https:\/\/api.w.org\/{rel}","templated":true}]}}